{"id":232068,"date":"2024-07-09T08:15:35","date_gmt":"2024-07-09T08:15:35","guid":{"rendered":"https:\/\/test.knowe.se\/?page_id=232068"},"modified":"2024-07-11T14:13:32","modified_gmt":"2024-07-11T14:13:32","slug":"kundcase","status":"publish","type":"page","link":"https:\/\/test.knowe.se\/index.php\/kundcase\/","title":{"rendered":"Kundcase"},"content":{"rendered":"<p>[et_pb_section fb_built=&#8221;1&#8243; disabled_on=&#8221;on|on|off&#8221; module_class=&#8221;hero-section-021 &#8221; _builder_version=&#8221;4.22.1&#8243; _module_preset=&#8221;default&#8221; background_color=&#8221;#1E1E1E&#8221; background_enable_image=&#8221;off&#8221; parallax=&#8221;on&#8221; custom_margin=&#8221;0px|0px|0px|0px|true|true&#8221; custom_padding=&#8221;0px|0px|0px|0px|true|true&#8221; locked=&#8221;off&#8221; global_colors_info=&#8221;{}&#8221;][et_pb_row column_structure=&#8221;1_5,3_5,1_5&#8243; use_custom_gutter=&#8221;on&#8221; custom_padding_last_edited=&#8221;on|phone&#8221; _builder_version=&#8221;4.22.1&#8243; _module_preset=&#8221;default&#8221; background_image=&#8221;https:\/\/test.knowe.se\/wp-content\/uploads\/2023\/11\/Desktop-5v.png&#8221; width=&#8221;100%&#8221; custom_padding_tablet=&#8221;&#8221; custom_padding_phone=&#8221;64px||0px||false|false&#8221; global_colors_info=&#8221;{}&#8221; max_height__hover_enabled=&#8221;on|desktop&#8221;][et_pb_column type=&#8221;1_5&#8243; _builder_version=&#8221;4.22.1&#8243; _module_preset=&#8221;default&#8221; global_colors_info=&#8221;{}&#8221;][\/et_pb_column][et_pb_column type=&#8221;3_5&#8243; _builder_version=&#8221;4.22.1&#8243; _module_preset=&#8221;default&#8221; custom_padding=&#8221;16%||16%||true|false&#8221; global_colors_info=&#8221;{}&#8221;][et_pb_text _builder_version=&#8221;4.22.1&#8243; _module_preset=&#8221;default&#8221; header_font=&#8221;Sora||||||||&#8221; header_font_size=&#8221;4rem&#8221; header_2_font=&#8221;Sora|600|||||||&#8221; header_2_text_color=&#8221;#fcfcfc&#8221; header_2_font_size=&#8221;1rem&#8221; custom_margin=&#8221;-8px||1px||false|false&#8221; custom_margin_tablet=&#8221;-22px||||false|false&#8221; custom_margin_phone=&#8221;-12px||2px||false|false&#8221; custom_margin_last_edited=&#8221;on|tablet&#8221; custom_padding=&#8221;||24px||false|false&#8221; custom_padding_tablet=&#8221;0px||0px||false|false&#8221; custom_padding_phone=&#8221;0px||0px||true|false&#8221; custom_padding_last_edited=&#8221;on|desktop&#8221; header_text_align_tablet=&#8221;&#8221; header_text_align_phone=&#8221;left&#8221; header_text_align_last_edited=&#8221;on|phone&#8221; header_font_size_tablet=&#8221;4rem&#8221; header_font_size_phone=&#8221;46px&#8221; header_font_size_last_edited=&#8221;on|phone&#8221; header_2_font_size_tablet=&#8221;3rem&#8221; header_2_font_size_phone=&#8221;2rem&#8221; header_2_font_size_last_edited=&#8221;on|phone&#8221; global_colors_info=&#8221;{}&#8221;]<\/p>\n<h1 style=\"text-align: center;\">N\u00e5gra uppdrag<\/h1>\n<p>[\/et_pb_text][et_pb_text _builder_version=&#8221;4.22.1&#8243; _module_preset=&#8221;default&#8221; text_line_height=&#8221;1.6em&#8221; text_font_size_phone=&#8221;15px&#8221; text_line_height_phone=&#8221;1.5em&#8221; global_colors_info=&#8221;{}&#8221;]<\/p>\n<p style=\"text-align: center;\">V\u00e5r aff\u00e4rsid\u00e9 \u00e4r att i ett n\u00e4ra och transparant samarbete med v\u00e5ra kunder skapa, f\u00f6rvalta och supportera digitala l\u00f6sningar. Trots v\u00e5r relativa unga \u00e5lder som bolag har vi en unik kompetens och erfarenhet att bist\u00e5 v\u00e5ra kunder i processen. Vi \u00e4r med fr\u00e5n b\u00f6rjan med att s\u00e4tta m\u00e5lbilden och den strategiska planen och hela v\u00e4gen till att realisera de allra flesta l\u00f6sningar inom digitalisering f\u00f6r att sedan finnas som en l\u00e5ngsiktig partner n\u00e4r det kommer till nyutveckling, vidareutveckling, f\u00f6rvaltning och support.<\/p>\n<p style=\"text-align: center;\">Vi har nogsamt byggt v\u00e5rt team utifr\u00e5n kompletterande kompetenser, och sedan spetsat det med ett bakomliggande n\u00e4tverk av partners som passa v\u00e5r f\u00f6retagsfilosofi och matchar v\u00e5rt kundl\u00f6fte.<\/p>\n<p>[\/et_pb_text][\/et_pb_column][et_pb_column type=&#8221;1_5&#8243; _builder_version=&#8221;4.22.1&#8243; _module_preset=&#8221;default&#8221; global_colors_info=&#8221;{}&#8221;][\/et_pb_column][\/et_pb_row][\/et_pb_section][et_pb_section fb_built=&#8221;1&#8243; disabled_on=&#8221;off|off|on&#8221; module_class=&#8221;hero-section-021 &#8221; _builder_version=&#8221;4.22.1&#8243; _module_preset=&#8221;default&#8221; background_color=&#8221;#1E1E1E&#8221; background_image=&#8221;https:\/\/test.knowe.se\/wp-content\/uploads\/2023\/11\/Desktop-4-1.jpg&#8221; parallax=&#8221;on&#8221; custom_margin=&#8221;0px|0px|0px|0px|true|true&#8221; custom_padding=&#8221;0px|0px|0px|0px|true|true&#8221; locked=&#8221;off&#8221; global_colors_info=&#8221;{}&#8221;][et_pb_row custom_padding_last_edited=&#8221;on|phone&#8221; _builder_version=&#8221;4.22.1&#8243; _module_preset=&#8221;default&#8221; width_tablet=&#8221;&#8221; width_phone=&#8221;90%&#8221; width_last_edited=&#8221;on|phone&#8221; custom_padding_tablet=&#8221;&#8221; custom_padding_phone=&#8221;134px||52px||false|false&#8221; global_colors_info=&#8221;{}&#8221; max_height__hover_enabled=&#8221;on|desktop&#8221;][et_pb_column type=&#8221;4_4&#8243; _builder_version=&#8221;4.22.1&#8243; _module_preset=&#8221;default&#8221; global_colors_info=&#8221;{}&#8221;][et_pb_text _builder_version=&#8221;4.22.1&#8243; _module_preset=&#8221;default&#8221; header_font=&#8221;Sora||||||||&#8221; header_font_size=&#8221;4rem&#8221; header_2_font=&#8221;Sora|600|||||||&#8221; header_2_text_color=&#8221;#fcfcfc&#8221; header_2_font_size=&#8221;1rem&#8221; custom_margin=&#8221;-8px||1px||false|false&#8221; custom_margin_tablet=&#8221;-22px||||false|false&#8221; custom_margin_phone=&#8221;-12px||2px||false|false&#8221; custom_margin_last_edited=&#8221;on|tablet&#8221; custom_padding=&#8221;||24px||false|false&#8221; custom_padding_tablet=&#8221;0px||0px||false|false&#8221; custom_padding_phone=&#8221;0px||0px||true|false&#8221; custom_padding_last_edited=&#8221;on|desktop&#8221; header_text_align_tablet=&#8221;&#8221; header_text_align_phone=&#8221;left&#8221; header_text_align_last_edited=&#8221;on|phone&#8221; header_font_size_tablet=&#8221;4rem&#8221; header_font_size_phone=&#8221;42px&#8221; header_font_size_last_edited=&#8221;on|phone&#8221; header_2_font_size_tablet=&#8221;3rem&#8221; header_2_font_size_phone=&#8221;&#8221; header_2_font_size_last_edited=&#8221;on|phone&#8221; global_colors_info=&#8221;{}&#8221;]<\/p>\n<h1 style=\"text-align: left;\">N\u00e5gra uppdrag<\/h1>\n<p>[\/et_pb_text][et_pb_text _builder_version=&#8221;4.22.1&#8243; _module_preset=&#8221;default&#8221; text_line_height=&#8221;1.6em&#8221; text_font_size_phone=&#8221;15px&#8221; text_line_height_phone=&#8221;1.5em&#8221; global_colors_info=&#8221;{}&#8221;]<\/p>\n<div class=\"header-content-container center\">\n<div class=\"header-content\">\n<div class=\"et_pb_header_content_wrapper\">\n<div class=\"group w-full text-token-text-primary border-b border-black\/10 gizmo:border-0 dark:border-gray-900\/50 gizmo:dark:border-0 bg-gray-50 gizmo:bg-transparent dark:bg-[#444654] gizmo:dark:bg-transparent\" data-testid=\"conversation-turn-3\">\n<div class=\"p-4 justify-center text-base md:gap-6 md:py-6 m-auto\">\n<div class=\"flex flex-1 gap-4 text-base mx-auto md:gap-6 md:max-w-2xl lg:max-w-[38rem] xl:max-w-3xl }\">\n<div class=\"relative flex w-[calc(100%-50px)] flex-col gap-1 md:gap-3 lg:w-[calc(100%-115px)]\">\n<div class=\"flex flex-grow flex-col gap-3 max-w-full\">\n<div class=\"min-h-[20px] flex flex-col items-start gap-3 overflow-x-auto whitespace-pre-wrap break-words\">\n<div class=\"markdown prose w-full break-words dark:prose-invert light\">\n<p style=\"text-align: left;\">V\u00e5r aff\u00e4rsid\u00e9 \u00e4r att i ett n\u00e4ra och transparant samarbete med v\u00e5ra kunder skapa, f\u00f6rvalta och supportera digitala l\u00f6sningar. Trots v\u00e5r relativa unga \u00e5lder som bolag har vi en unik kompetens och erfarenhet att bist\u00e5 v\u00e5ra kunder i processen. Vi \u00e4r med fr\u00e5n b\u00f6rjan med att s\u00e4tta m\u00e5lbilden och den strategiska planen och hela v\u00e4gen till att realisera de allra flesta l\u00f6sningar inom digitalisering f\u00f6r att sedan finnas som en l\u00e5ngsiktig partner n\u00e4r det kommer till nyutveckling, vidareutveckling, f\u00f6rvaltning och support.<\/p>\n<p style=\"text-align: left;\">Vi har nogsamt byggt v\u00e5rt team utifr\u00e5n kompletterande kompetenser, och sedan spetsat det med ett bakomliggande n\u00e4tverk av partners som passa v\u00e5r f\u00f6retagsfilosofi och matchar v\u00e5rt kundl\u00f6fte.<\/p>\n<\/div>\n<\/div>\n<\/div>\n<\/div>\n<\/div>\n<\/div>\n<\/div>\n<\/div>\n<\/div>\n<\/div>\n<div class=\"header-image-container center\"><\/div>\n<p>[\/et_pb_text][\/et_pb_column][\/et_pb_row][\/et_pb_section][et_pb_section fb_built=&#8221;1&#8243; custom_padding_last_edited=&#8221;on|phone&#8221; _builder_version=&#8221;4.22.1&#8243; _module_preset=&#8221;default&#8221; background_color=&#8221;#1E1E1E&#8221; custom_padding=&#8221;14px||||false|false&#8221; custom_padding_tablet=&#8221;64px||||false|false&#8221; custom_padding_phone=&#8221;0px||||false|false&#8221; locked=&#8221;off&#8221; global_colors_info=&#8221;{}&#8221;][et_pb_row column_structure=&#8221;1_3,1_3,1_3&#8243; use_custom_gutter=&#8221;on&#8221; gutter_width=&#8221;2&#8243; make_equal=&#8221;on&#8221; custom_padding_last_edited=&#8221;on|phone&#8221; _builder_version=&#8221;4.18.0&#8243; _module_preset=&#8221;default&#8221; width=&#8221;100%&#8221; max_width=&#8221;1308px&#8221; module_alignment=&#8221;center&#8221; custom_padding_tablet=&#8221;&#8221; custom_padding_phone=&#8221;|20px||20px|false|true&#8221; global_colors_info=&#8221;{}&#8221;][et_pb_column type=&#8221;1_3&#8243; _builder_version=&#8221;4.18.0&#8243; _module_preset=&#8221;default&#8221; global_colors_info=&#8221;{}&#8221;][et_pb_post_slider include_categories=&#8221;13&#8243; show_arrows=&#8221;off&#8221; show_pagination=&#8221;off&#8221; show_more_button=&#8221;off&#8221; excerpt_length=&#8221;0&#8243; show_meta=&#8221;off&#8221; bg_overlay_color=&#8221;rgba(38,38,38,0.35)&#8221; use_text_overlay=&#8221;off&#8221; _builder_version=&#8221;4.22.1&#8243; _module_preset=&#8221;default&#8221; header_font=&#8221;|800||on|||||&#8221; body_font_size=&#8221;19px&#8221; background_color=&#8221;RGBA(255,255,255,0)&#8221; background_image=&#8221;https:\/\/test.knowe.se\/wp-content\/uploads\/2023\/09\/Group-1.png&#8221; height=&#8221;397px&#8221; hover_enabled=&#8221;0&#8243; border_radii=&#8221;on|6px|6px|6px|6px&#8221; border_width_all=&#8221;1px&#8221; border_color_all=&#8221;#5FB244&#8243; box_shadow_style=&#8221;preset3&#8243; global_colors_info=&#8221;{}&#8221; bg_overlay_color__hover_enabled=&#8221;on|hover&#8221; bg_overlay_color__hover=&#8221;rgba(38,38,38,0.69)&#8221; sticky_enabled=&#8221;0&#8243;][\/et_pb_post_slider][\/et_pb_column][et_pb_column type=&#8221;1_3&#8243; _builder_version=&#8221;4.18.0&#8243; _module_preset=&#8221;default&#8221; global_colors_info=&#8221;{}&#8221;][et_pb_post_slider include_categories=&#8221;13&#8243; show_arrows=&#8221;off&#8221; show_pagination=&#8221;off&#8221; show_more_button=&#8221;off&#8221; excerpt_length=&#8221;0&#8243; show_meta=&#8221;off&#8221; bg_overlay_color=&#8221;rgba(38,38,38,0.35)&#8221; use_text_overlay=&#8221;off&#8221; offset_number=&#8221;1&#8243; _builder_version=&#8221;4.22.1&#8243; _module_preset=&#8221;default&#8221; header_font=&#8221;|800||on|||||&#8221; body_font_size=&#8221;19px&#8221; background_color=&#8221;RGBA(255,255,255,0)&#8221; height=&#8221;397px&#8221; hover_enabled=&#8221;0&#8243; border_radii=&#8221;on|6px|6px|6px|6px&#8221; border_width_all=&#8221;1px&#8221; border_color_all=&#8221;#12AE8E&#8221; box_shadow_style=&#8221;preset3&#8243; global_colors_info=&#8221;{}&#8221; bg_overlay_color__hover_enabled=&#8221;on|hover&#8221; bg_overlay_color__hover=&#8221;rgba(38,38,38,0.69)&#8221; sticky_enabled=&#8221;0&#8243; title_text=&#8221;Desktop &#8211; 4&#8243; background_image=&#8221;https:\/\/test.knowe.se\/wp-content\/uploads\/2023\/11\/Desktop-4.jpg&#8221;][\/et_pb_post_slider][\/et_pb_column][et_pb_column type=&#8221;1_3&#8243; _builder_version=&#8221;4.18.0&#8243; _module_preset=&#8221;default&#8221; global_colors_info=&#8221;{}&#8221;][et_pb_post_slider include_categories=&#8221;13&#8243; show_arrows=&#8221;off&#8221; show_pagination=&#8221;off&#8221; show_more_button=&#8221;off&#8221; excerpt_length=&#8221;0&#8243; show_meta=&#8221;off&#8221; bg_overlay_color=&#8221;rgba(38,38,38,0.35)&#8221; use_text_overlay=&#8221;off&#8221; offset_number=&#8221;2&#8243; _builder_version=&#8221;4.22.1&#8243; _module_preset=&#8221;default&#8221; header_font=&#8221;|800||on|||||&#8221; body_font_size=&#8221;19px&#8221; background_color=&#8221;RGBA(255,255,255,0)&#8221; height=&#8221;397px&#8221; hover_enabled=&#8221;0&#8243; border_radii=&#8221;on|6px|6px|6px|6px&#8221; border_width_all=&#8221;1px&#8221; border_color_all=&#8221;#544A99&#8243; box_shadow_style=&#8221;preset3&#8243; global_colors_info=&#8221;{}&#8221; bg_overlay_color__hover_enabled=&#8221;on|hover&#8221; bg_overlay_color__hover=&#8221;rgba(38,38,38,0.69)&#8221; title_text=&#8221;Desktop &#8211; 5&#8243; background_image=&#8221;https:\/\/test.knowe.se\/wp-content\/uploads\/2023\/11\/Desktop-5.png&#8221; sticky_enabled=&#8221;0&#8243;][\/et_pb_post_slider][\/et_pb_column][\/et_pb_row][\/et_pb_section][et_pb_section fb_built=&#8221;1&#8243; custom_padding_last_edited=&#8221;on|phone&#8221; disabled_on=&#8221;on|on|off&#8221; _builder_version=&#8221;4.22.1&#8243; _module_preset=&#8221;default&#8221; background_color=&#8221;#1E1E1E&#8221; custom_padding=&#8221;125px||125px||true|&#8221; custom_padding_tablet=&#8221;180px||180px||true|&#8221; custom_padding_phone=&#8221;0px||0px||true|false&#8221; locked=&#8221;off&#8221; global_colors_info=&#8221;{}&#8221;][et_pb_row column_structure=&#8221;1_2,1_2&#8243; use_custom_gutter=&#8221;on&#8221; make_equal=&#8221;on&#8221; _builder_version=&#8221;4.22.1&#8243; _module_preset=&#8221;default&#8221; width=&#8221;100%&#8221; width_tablet=&#8221;80%&#8221; width_phone=&#8221;80%&#8221; width_last_edited=&#8221;on|phone&#8221; custom_padding=&#8221;||0px|||&#8221; module_alignment_tablet=&#8221;center&#8221; module_alignment_phone=&#8221;center&#8221; module_alignment_last_edited=&#8221;on|tablet&#8221; global_colors_info=&#8221;{}&#8221;][et_pb_column type=&#8221;1_2&#8243; _builder_version=&#8221;4.22.1&#8243; _module_preset=&#8221;default&#8221; global_colors_info=&#8221;{}&#8221;][et_pb_image src=&#8221;https:\/\/test.knowe.se\/wp-content\/uploads\/2023\/09\/Group-1.png&#8221; title_text=&#8221;Group 1&#8243; _builder_version=&#8221;4.22.1&#8243; _module_preset=&#8221;default&#8221; global_colors_info=&#8221;{}&#8221;][\/et_pb_image][\/et_pb_column][et_pb_column type=&#8221;1_2&#8243; _builder_version=&#8221;4.22.1&#8243; _module_preset=&#8221;default&#8221; custom_padding=&#8221;198px|32px|||false|false&#8221; global_colors_info=&#8221;{}&#8221;][et_pb_text _builder_version=&#8221;4.22.1&#8243; _module_preset=&#8221;cf15067e-8a4f-4db2-bdb3-173f809dd569&#8243; global_colors_info=&#8221;{}&#8221;]<\/p>\n<h2 style=\"text-align: left;\">Vi ser fram emot att h\u00f6ra fr\u00e5n dig.<\/h2>\n<p>[\/et_pb_text][et_pb_text _builder_version=&#8221;4.22.1&#8243; _module_preset=&#8221;default&#8221; width=&#8221;60%&#8221; width_tablet=&#8221;60%&#8221; width_phone=&#8221;60%&#8221; width_last_edited=&#8221;on|phone&#8221; min_height=&#8221;110.6px&#8221; custom_padding=&#8221;||25px||false|false&#8221; global_colors_info=&#8221;{}&#8221;]<\/p>\n<p><span>Lorem ipsum dolor sit amet, consectetur adipiscing elit, sed do eiusmod tempor incididunt ut labore et dolore magna aliqua. Ut enim ad minim veniam,\u00a0<\/span><\/p>\n<p>[\/et_pb_text][et_pb_button button_url=&#8221;@ET-DC@eyJkeW5hbWljIjp0cnVlLCJjb250ZW50IjoicG9zdF9saW5rX3VybF9wYWdlIiwic2V0dGluZ3MiOnsicG9zdF9pZCI6IjIzMTk0MyJ9fQ==@&#8221; button_text=&#8221;Kontakta oss&#8221; _builder_version=&#8221;4.22.1&#8243; _dynamic_attributes=&#8221;button_url&#8221; _module_preset=&#8221;default&#8221; custom_margin_tablet=&#8221;&#8221; custom_margin_phone=&#8221;||||false|false&#8221; custom_margin_last_edited=&#8221;on|phone&#8221; global_colors_info=&#8221;{}&#8221;][\/et_pb_button][\/et_pb_column][\/et_pb_row][\/et_pb_section]<\/p>\n","protected":false},"excerpt":{"rendered":"<p>N\u00e5gra uppdragV\u00e5r aff\u00e4rsid\u00e9 \u00e4r att i ett n\u00e4ra och transparant samarbete med v\u00e5ra kunder skapa, f\u00f6rvalta och supportera digitala l\u00f6sningar. Trots v\u00e5r relativa unga \u00e5lder som bolag har vi en unik kompetens och erfarenhet att bist\u00e5 v\u00e5ra kunder i processen. Vi \u00e4r med fr\u00e5n b\u00f6rjan med att s\u00e4tta m\u00e5lbilden och den strategiska planen och hela [&hellip;]<\/p>\n","protected":false},"author":2,"featured_media":0,"parent":0,"menu_order":0,"comment_status":"closed","ping_status":"closed","template":"","meta":{"_et_pb_use_builder":"on","_et_pb_old_content":"","_et_gb_content_width":"","footnotes":""},"class_list":["post-232068","page","type-page","status-publish","hentry"],"_links":{"self":[{"href":"https:\/\/test.knowe.se\/index.php\/wp-json\/wp\/v2\/pages\/232068","targetHints":{"allow":["GET"]}}],"collection":[{"href":"https:\/\/test.knowe.se\/index.php\/wp-json\/wp\/v2\/pages"}],"about":[{"href":"https:\/\/test.knowe.se\/index.php\/wp-json\/wp\/v2\/types\/page"}],"author":[{"embeddable":true,"href":"https:\/\/test.knowe.se\/index.php\/wp-json\/wp\/v2\/users\/2"}],"replies":[{"embeddable":true,"href":"https:\/\/test.knowe.se\/index.php\/wp-json\/wp\/v2\/comments?post=232068"}],"version-history":[{"count":23,"href":"https:\/\/test.knowe.se\/index.php\/wp-json\/wp\/v2\/pages\/232068\/revisions"}],"predecessor-version":[{"id":232367,"href":"https:\/\/test.knowe.se\/index.php\/wp-json\/wp\/v2\/pages\/232068\/revisions\/232367"}],"wp:attachment":[{"href":"https:\/\/test.knowe.se\/index.php\/wp-json\/wp\/v2\/media?parent=232068"}],"curies":[{"name":"wp","href":"https:\/\/api.w.org\/{rel}","templated":true}]}}